{"id":31,"date":"2013-07-11T00:29:51","date_gmt":"2013-07-10T22:29:51","guid":{"rendered":"http:\/\/bonifantes.cz\/asie2013\/?page_id=31"},"modified":"2025-12-03T12:07:30","modified_gmt":"2025-12-03T11:07:30","slug":"o-turne","status":"publish","type":"page","link":"https:\/\/www.bonifantes.cz\/japan2017\/o-turne\/","title":{"rendered":"O turn\u00e9"},"content":{"rendered":"<div id=\"attachment_1080\" style=\"width: 310px\" class=\"wp-caption alignleft\"><a href=\"http:\/\/www.bonifantes.cz\/japan2017\/wp-content\/uploads\/1080px-Chuurei-tou_Fujiyoshida_17025277650_c59733d6ba_o.jpg\" rel=\"lightbox[31]\"><img loading=\"lazy\" decoding=\"async\" aria-describedby=\"caption-attachment-1080\" class=\"wp-image-1080 size-medium\" src=\"http:\/\/www.bonifantes.cz\/japan2017\/wp-content\/uploads\/1080px-Chuurei-tou_Fujiyoshida_17025277650_c59733d6ba_o-300x200.jpg\" alt=\"\" width=\"300\" height=\"200\" srcset=\"https:\/\/www.bonifantes.cz\/japan2017\/wp-content\/uploads\/1080px-Chuurei-tou_Fujiyoshida_17025277650_c59733d6ba_o-300x200.jpg 300w, https:\/\/www.bonifantes.cz\/japan2017\/wp-content\/uploads\/1080px-Chuurei-tou_Fujiyoshida_17025277650_c59733d6ba_o-580x387.jpg 580w, https:\/\/www.bonifantes.cz\/japan2017\/wp-content\/uploads\/1080px-Chuurei-tou_Fujiyoshida_17025277650_c59733d6ba_o-768x512.jpg 768w, https:\/\/www.bonifantes.cz\/japan2017\/wp-content\/uploads\/1080px-Chuurei-tou_Fujiyoshida_17025277650_c59733d6ba_o-140x94.jpg 140w, https:\/\/www.bonifantes.cz\/japan2017\/wp-content\/uploads\/1080px-Chuurei-tou_Fujiyoshida_17025277650_c59733d6ba_o.jpg 1080w\" sizes=\"auto, (max-width: 300px) 100vw, 300px\" \/><\/a><p id=\"caption-attachment-1080\" class=\"wp-caption-text\">Reginald Pentinio, CC BY 2.0<\/p><\/div>\n<p>Chlapeck\u00fd sbor BONIFANTES navazuje na \u0159adu sv\u00fdch p\u0159edchoz\u00edch koncertn\u00edch turn\u00e9 a poprv\u00e9 bude vystupovat v zemi vych\u00e1zej\u00edc\u00edho slunce, v Japonsku.<\/p>\n<p>Koncertn\u00edm turn\u00e9 do Japonska tak zavr\u0161\u00ed svou 17. a 18. koncertn\u00ed sez\u00f3nu, b\u011bhem kter\u00fdch z\u00edskal 8 zlat\u00fdch medail\u00ed, nato\u010dil 2 CD, ve sv\u011btov\u00e9 premi\u00e9\u0159e provedl kant\u00e1tu \u010desk\u00e9ho skladatele Jana Jir\u00e1ska \u201eBez konce l\u00e1ska je\u201c, zp\u00edval pro stotis\u00edcov\u00e9 auditorium p\u0159i gener\u00e1ln\u00ed audienci u pape\u017ee Franti\u0161ka a dvakr\u00e1t vystoupil s legend\u00e1rn\u00edm tenoristou Jos\u00e9 Carrerasem.<\/p>\n<p>Turn\u00e9 do Japonska je logick\u00fdm vy\u00fast\u011bn\u00edm p\u0159edchoz\u00edch kontakt\u016f BONIFANTES s japonsk\u00fdmi um\u011blci. U\u017e p\u0159ed v\u00edce ne\u017e deseti lety sbor mimo jin\u00e9 vystoupil s japonskou sopranistkou Fumiko Nishimatsu, p\u0159ed dv\u011bma lety Bonifanti hostili Ichikawa Childrens\u2018 Chorus.<\/p>\n<p>Koncertn\u00ed turn\u00e9 bude doprovozeno \u0159adou koncert\u016f a prezentac\u00ed v \u010cesk\u00e9 republice. Bude vyd\u00e1na kn\u00ed\u017eka, CD a DVD.\u00a0Velmi zaj\u00edmav\u00fd je reperto\u00e1r, kter\u00fd si sbor pro japonsk\u00e9 turn\u00e9 p\u0159ipravil. Hlavn\u00edm t\u011b\u017ei\u0161t\u011bm dramaturgie je \u010desk\u00e1 hudba 19. a 20. stolet\u00ed.<\/p>\n<p>Chlapeck\u00fd sbor BONIFANTES pro koncertn\u00ed turn\u00e9 ze sv\u00e9 z\u00e1kladny \u010d\u00edtaj\u00edc\u00ed 150 chlapc\u016f vybral a p\u0159ipravil 24 nejlep\u0161\u00edch p\u011bvc\u016f. Um\u011bleck\u00e1 \u00farove\u0148 sboru se ji\u017e dlouh\u00e1 l\u00e9ta dr\u017e\u00ed na absolutn\u00ed sv\u011btov\u00e9 \u0161pi\u010dce. Bonifanti se t\u011b\u0161\u00ed, \u017ee sv\u00e9 um\u011bn\u00ed poprv\u00e9 p\u0159edstav\u00ed i v Japonsku.<\/p>\n<p>&nbsp;<\/p>\n","protected":false},"excerpt":{"rendered":"<p>Chlapeck\u00fd sbor BONIFANTES navazuje na \u0159adu sv\u00fdch p\u0159edchoz\u00edch koncertn\u00edch turn\u00e9 a poprv\u00e9 bude vystupovat v zemi vych\u00e1zej\u00edc\u00edho slunce, v Japonsku. Koncertn\u00edm turn\u00e9 do Japonska tak zavr\u0161\u00ed svou 17. a 18. koncertn\u00ed sez\u00f3nu, b\u011bhem kter\u00fdch z\u00edskal 8 zlat\u00fdch medail\u00ed, nato\u010dil 2 CD, ve sv\u011btov\u00e9 premi\u00e9\u0159e provedl kant\u00e1tu \u010desk\u00e9ho skladatele Jana Jir\u00e1ska \u201eBez konce l\u00e1ska je\u201c, zp\u00edval [&hellip;]<\/p>\n","protected":false},"author":1,"featured_media":0,"parent":0,"menu_order":0,"comment_status":"closed","ping_status":"closed","template":"","meta":{"footnotes":""},"class_list":["post-31","page","type-page","status-publish","hentry"],"_links":{"self":[{"href":"https:\/\/www.bonifantes.cz\/japan2017\/wp-json\/wp\/v2\/pages\/31","targetHints":{"allow":["GET"]}}],"collection":[{"href":"https:\/\/www.bonifantes.cz\/japan2017\/wp-json\/wp\/v2\/pages"}],"about":[{"href":"https:\/\/www.bonifantes.cz\/japan2017\/wp-json\/wp\/v2\/types\/page"}],"author":[{"embeddable":true,"href":"https:\/\/www.bonifantes.cz\/japan2017\/wp-json\/wp\/v2\/users\/1"}],"replies":[{"embeddable":true,"href":"https:\/\/www.bonifantes.cz\/japan2017\/wp-json\/wp\/v2\/comments?post=31"}],"version-history":[{"count":6,"href":"https:\/\/www.bonifantes.cz\/japan2017\/wp-json\/wp\/v2\/pages\/31\/revisions"}],"predecessor-version":[{"id":1088,"href":"https:\/\/www.bonifantes.cz\/japan2017\/wp-json\/wp\/v2\/pages\/31\/revisions\/1088"}],"wp:attachment":[{"href":"https:\/\/www.bonifantes.cz\/japan2017\/wp-json\/wp\/v2\/media?parent=31"}],"curies":[{"name":"wp","href":"https:\/\/api.w.org\/{rel}","templated":true}]}}