{"id":29,"date":"2013-07-11T00:28:57","date_gmt":"2013-07-10T22:28:57","guid":{"rendered":"http:\/\/bonifantes.cz\/asie2013\/?page_id=29"},"modified":"2013-07-11T00:28:57","modified_gmt":"2013-07-10T22:28:57","slug":"repertoar","status":"publish","type":"page","link":"https:\/\/www.bonifantes.cz\/japan2017\/repertoar\/","title":{"rendered":"Reperto\u00e1r"},"content":{"rendered":"\n<table id=\"tablepress-1\" class=\"tablepress tablepress-id-1 tbody-has-connected-cells\">\n<thead>\n<tr class=\"row-1\">\n\t<th class=\"column-1\">Autor<\/th><th class=\"column-2\">N\u00e1zev cyklu<\/th><th class=\"column-3\">N\u00e1zev skladby<\/th>\n<\/tr>\n<\/thead>\n<tbody class=\"row-hover\">\n<tr class=\"row-2\">\n\t<td rowspan=\"6\" class=\"column-1\">Anton\u00edn Dvo\u0159\u00e1k \/ Leo\u0161 Jan\u00e1\u010dek<\/td><td rowspan=\"4\" class=\"column-2\">Moravsk\u00e9 dvojzp\u011bvy<\/td><td class=\"column-3\">Dyby byla kosa<\/td>\n<\/tr>\n<tr class=\"row-3\">\n\t<td class=\"column-3\">Slav\u00edkovsk\u00fd pole\u010dko<\/td>\n<\/tr>\n<tr class=\"row-4\">\n\t<td class=\"column-3\">Zelenaj se, zelenaj<\/td>\n<\/tr>\n<tr class=\"row-5\">\n\t<td class=\"column-3\">\u0160\u00edpek<\/td>\n<\/tr>\n<tr class=\"row-6\">\n\t<td rowspan=\"2\" class=\"column-2\">Biblick\u00e9 p\u00edsn\u011b<\/td><td class=\"column-3\">Hospodin jest m\u016fj past\u00fd\u0159<\/td>\n<\/tr>\n<tr class=\"row-7\">\n\t<td class=\"column-3\">Zp\u00edvejte Hospodinu<\/td>\n<\/tr>\n<tr class=\"row-8\">\n\t<td rowspan=\"2\" class=\"column-1\">Jan Jir\u00e1sek<\/td><td rowspan=\"2\" class=\"column-2\">Missa propria<\/td><td class=\"column-3\">Kyrie eleison<\/td>\n<\/tr>\n<tr class=\"row-9\">\n\t<td class=\"column-3\">Credo, Agnus Dei<\/td>\n<\/tr>\n<tr class=\"row-10\">\n\t<td class=\"column-1\">John Rutter<\/td><td class=\"column-2\">Gloria<\/td><td class=\"column-3\">1st Movement<\/td>\n<\/tr>\n<tr class=\"row-11\">\n\t<td rowspan=\"2\" class=\"column-1\">Bohuslav Martin\u016f<\/td><td class=\"column-2\">\u0160pal\u00ed\u010dek<\/td><td class=\"column-3\">Vyn\u00e1\u0161en\u00ed smrti<\/td>\n<\/tr>\n<tr class=\"row-12\">\n\t<td class=\"column-2\">\u010cesk\u00e9 madrigaly<\/td><td class=\"column-3\">Hej, m\u00e1me na prodej<\/td>\n<\/tr>\n<tr class=\"row-13\">\n\t<td class=\"column-1\">Wolfgang Amadeus Mozart<\/td><td class=\"column-2\"><\/td><td class=\"column-3\">Ave verum corpus<\/td>\n<\/tr>\n<tr class=\"row-14\">\n\t<td class=\"column-1\">Georg Friedrich H\u00e4ndl<\/td><td class=\"column-2\">Messiah<\/td><td class=\"column-3\">Hallelujah!<\/td>\n<\/tr>\n<tr class=\"row-15\">\n\t<td class=\"column-1\">Vytautas Mi\u0161kinis<\/td><td class=\"column-2\"><\/td><td class=\"column-3\">Ave Regina coelorum<\/td>\n<\/tr>\n<tr class=\"row-16\">\n\t<td class=\"column-1\">Franz Biebl<\/td><td class=\"column-2\"><\/td><td class=\"column-3\">Ave Maria<\/td>\n<\/tr>\n<tr class=\"row-17\">\n\t<td class=\"column-1\">Bed\u0159ich Smetana<\/td><td class=\"column-2\">Prodan\u00e1 nev\u011bsta<\/td><td class=\"column-3\">Pro\u010d bychom se net\u011b\u0161ili<\/td>\n<\/tr>\n<tr class=\"row-18\">\n\t<td class=\"column-1\">Maurice Durufl\u00e9<\/td><td class=\"column-2\"><\/td><td class=\"column-3\">Ubi caritas et amor<\/td>\n<\/tr>\n<tr class=\"row-19\">\n\t<td class=\"column-1\">Zden\u011bk Luk\u00e1\u0161<\/td><td class=\"column-2\"><\/td><td class=\"column-3\">Jede sedl\u00e1k<\/td>\n<\/tr>\n<tr class=\"row-20\">\n\t<td class=\"column-1\">Henry Smith<\/td><td class=\"column-2\"><\/td><td class=\"column-3\">Ride the Chariot<\/td>\n<\/tr>\n<tr class=\"row-21\">\n\t<td class=\"column-1\">Josef Schreiber<\/td><td class=\"column-2\"><\/td><td class=\"column-3\">O l\u00e1sko<\/td>\n<\/tr>\n<tr class=\"row-22\">\n\t<td class=\"column-1\">Giuseppe Verdi<\/td><td class=\"column-2\">La Traviata<\/td><td class=\"column-3\">Brindisi (P\u0159\u00edpitek)<\/td>\n<\/tr>\n<tr class=\"row-23\">\n\t<td class=\"column-1\">Joseph Zawinul<\/td><td class=\"column-2\"><\/td><td class=\"column-3\">Birdland<\/td>\n<\/tr>\n<tr class=\"row-24\">\n\t<td class=\"column-1\">Eugen Sucho\u0148<\/td><td class=\"column-2\"><\/td><td class=\"column-3\">Ak\u00e1 si mi kr\u00e1sn\u00e1<\/td>\n<\/tr>\n<tr class=\"row-25\">\n\t<td class=\"column-1\">Giacomo Puccini<\/td><td class=\"column-2\"><\/td><td class=\"column-3\">Tosca<\/td>\n<\/tr>\n<tr class=\"row-26\">\n\t<td class=\"column-1\">Anton\u00edn Dvo\u0159\u00e1k \/ Joe Blahnik<\/td><td class=\"column-2\">New World Symphony<\/td><td class=\"column-3\">Going home (Largo)<\/td>\n<\/tr>\n<tr class=\"row-27\">\n\t<td rowspan=\"2\" class=\"column-1\">Leo\u0161 Jan\u00e1\u010dek<\/td><td class=\"column-2\">Zbojnick\u00e9 p\u00edsn\u011b<\/td><td class=\"column-3\">Ej, Jan\u00edk<\/td>\n<\/tr>\n<tr class=\"row-28\">\n\t<td class=\"column-2\"><\/td><td class=\"column-3\">Constitues<\/td>\n<\/tr>\n<tr class=\"row-29\">\n\t<td class=\"column-1\">C\u00e9sar Franck<\/td><td class=\"column-2\"><\/td><td class=\"column-3\">Panis Angelicus<\/td>\n<\/tr>\n<tr class=\"row-30\">\n\t<td rowspan=\"2\" class=\"column-1\">John Leavitt<\/td><td rowspan=\"2\" class=\"column-2\">Missa Festiva<\/td><td class=\"column-3\">Kyrie<\/td>\n<\/tr>\n<tr class=\"row-31\">\n\t<td class=\"column-3\">Festival Sanctus<\/td>\n<\/tr>\n<tr class=\"row-32\">\n\t<td rowspan=\"2\" class=\"column-1\">Gabriel Faur\u00e9<\/td><td rowspan=\"2\" class=\"column-2\">Requiem<\/td><td class=\"column-3\">1. Introitus et Kyrie<\/td>\n<\/tr>\n<tr class=\"row-33\">\n\t<td class=\"column-3\">3. Sanctus<\/td>\n<\/tr>\n<tr class=\"row-34\">\n\t<td rowspan=\"4\" class=\"column-1\">Carl Orff<\/td><td rowspan=\"4\" class=\"column-2\">Carmina burana<\/td><td class=\"column-3\">1. O, Fortuna<\/td>\n<\/tr>\n<tr class=\"row-35\">\n\t<td class=\"column-3\">2. Fortune plango vulnera<\/td>\n<\/tr>\n<tr class=\"row-36\">\n\t<td class=\"column-3\">3. Veris leta Facies<\/td>\n<\/tr>\n<tr class=\"row-37\">\n\t<td class=\"column-3\">5. Ecce gratum<\/td>\n<\/tr>\n<tr class=\"row-38\">\n\t<td class=\"column-1\"><\/td><td class=\"column-2\"><\/td><td class=\"column-3\"><\/td>\n<\/tr>\n<\/tbody>\n<\/table>\n<!-- #tablepress-1 from cache -->\n","protected":false},"excerpt":{"rendered":"","protected":false},"author":1,"featured_media":0,"parent":0,"menu_order":4,"comment_status":"closed","ping_status":"open","template":"","meta":{"footnotes":""},"class_list":["post-29","page","type-page","status-publish","hentry"],"_links":{"self":[{"href":"https:\/\/www.bonifantes.cz\/japan2017\/wp-json\/wp\/v2\/pages\/29","targetHints":{"allow":["GET"]}}],"collection":[{"href":"https:\/\/www.bonifantes.cz\/japan2017\/wp-json\/wp\/v2\/pages"}],"about":[{"href":"https:\/\/www.bonifantes.cz\/japan2017\/wp-json\/wp\/v2\/types\/page"}],"author":[{"embeddable":true,"href":"https:\/\/www.bonifantes.cz\/japan2017\/wp-json\/wp\/v2\/users\/1"}],"replies":[{"embeddable":true,"href":"https:\/\/www.bonifantes.cz\/japan2017\/wp-json\/wp\/v2\/comments?post=29"}],"version-history":[{"count":0,"href":"https:\/\/www.bonifantes.cz\/japan2017\/wp-json\/wp\/v2\/pages\/29\/revisions"}],"wp:attachment":[{"href":"https:\/\/www.bonifantes.cz\/japan2017\/wp-json\/wp\/v2\/media?parent=29"}],"curies":[{"name":"wp","href":"https:\/\/api.w.org\/{rel}","templated":true}]}}